{"id":1978,"date":"2021-12-15T19:33:40","date_gmt":"2021-12-15T18:33:40","guid":{"rendered":"https:\/\/chloesegalen.com\/?page_id=1978"},"modified":"2024-08-14T11:56:30","modified_gmt":"2024-08-14T09:56:30","slug":"identites-graphiques","status":"publish","type":"page","link":"https:\/\/chloesegalen.com\/?page_id=1978","title":{"rendered":"Identit\u00e9s Graphiques"},"content":{"rendered":"\t\t<div data-elementor-type=\"wp-page\" data-elementor-id=\"1978\" class=\"elementor elementor-1978\">\n\t\t\t\t\t\t<section class=\"elementor-section elementor-top-section elementor-element elementor-element-b4a907d elementor-section-boxed elementor-section-height-default elementor-section-height-default\" data-id=\"b4a907d\" data-element_type=\"section\">\n\t\t\t\t\t\t<div class=\"elementor-container elementor-column-gap-default\">\n\t\t\t\t\t<div class=\"elementor-column elementor-col-100 elementor-top-column elementor-element elementor-element-8e5cd03\" data-id=\"8e5cd03\" data-element_type=\"column\">\n\t\t\t<div class=\"elementor-widget-wrap elementor-element-populated\">\n\t\t\t\t\t\t<div class=\"elementor-element elementor-element-24a4ea3 elementor-widget elementor-widget-image\" data-id=\"24a4ea3\" data-element_type=\"widget\" data-widget_type=\"image.default\">\n\t\t\t\t<div class=\"elementor-widget-container\">\n\t\t\t\t\t\t\t\t\t\t\t\t\t\t\t<img fetchpriority=\"high\" decoding=\"async\" width=\"560\" height=\"558\" src=\"https:\/\/chloesegalen.com\/wp-content\/uploads\/2021\/12\/flexiblecapsulesof-copie-2-768x765.png\" class=\"attachment-medium_large size-medium_large wp-image-1670\" alt=\"\" srcset=\"https:\/\/chloesegalen.com\/wp-content\/uploads\/2021\/12\/flexiblecapsulesof-copie-2-768x765.png 768w, https:\/\/chloesegalen.com\/wp-content\/uploads\/2021\/12\/flexiblecapsulesof-copie-2-300x300.png 300w, https:\/\/chloesegalen.com\/wp-content\/uploads\/2021\/12\/flexiblecapsulesof-copie-2-1024x1021.png 1024w, https:\/\/chloesegalen.com\/wp-content\/uploads\/2021\/12\/flexiblecapsulesof-copie-2-150x150.png 150w, https:\/\/chloesegalen.com\/wp-content\/uploads\/2021\/12\/flexiblecapsulesof-copie-2-1200x1196.png 1200w, https:\/\/chloesegalen.com\/wp-content\/uploads\/2021\/12\/flexiblecapsulesof-copie-2.png 1208w\" sizes=\"(max-width: 560px) 100vw, 560px\" \/>\t\t\t\t\t\t\t\t\t\t\t\t\t\t\t<\/div>\n\t\t\t\t<\/div>\n\t\t\t\t\t<\/div>\n\t\t<\/div>\n\t\t\t\t\t<\/div>\n\t\t<\/section>\n\t\t\t\t<section class=\"elementor-section elementor-top-section elementor-element elementor-element-8a29e48 elementor-section-content-middle elementor-section-stretched elementor-section-boxed elementor-section-height-default elementor-section-height-default\" data-id=\"8a29e48\" data-element_type=\"section\" data-settings=\"{&quot;stretch_section&quot;:&quot;section-stretched&quot;}\">\n\t\t\t\t\t\t<div class=\"elementor-container elementor-column-gap-no\">\n\t\t\t\t\t<div class=\"elementor-column elementor-col-25 elementor-top-column elementor-element elementor-element-07bc26c\" data-id=\"07bc26c\" data-element_type=\"column\">\n\t\t\t<div class=\"elementor-widget-wrap elementor-element-populated\">\n\t\t\t\t\t\t<div class=\"elementor-element elementor-element-d55ab8b elementor-align-center elementor-widget elementor-widget-button\" data-id=\"d55ab8b\" data-element_type=\"widget\" data-widget_type=\"button.default\">\n\t\t\t\t<div class=\"elementor-widget-container\">\n\t\t\t\t\t\t\t\t\t<div class=\"elementor-button-wrapper\">\n\t\t\t\t\t<a class=\"elementor-button elementor-button-link elementor-size-xs\" href=\"https:\/\/chloesegalen.com\/\">\n\t\t\t\t\t\t<span class=\"elementor-button-content-wrapper\">\n\t\t\t\t\t\t\t\t\t<span class=\"elementor-button-text\">\u00e0 propos \/ contact<\/span>\n\t\t\t\t\t<\/span>\n\t\t\t\t\t<\/a>\n\t\t\t\t<\/div>\n\t\t\t\t\t\t\t\t<\/div>\n\t\t\t\t<\/div>\n\t\t\t\t\t<\/div>\n\t\t<\/div>\n\t\t\t\t<div class=\"elementor-column elementor-col-25 elementor-top-column elementor-element elementor-element-b03792c\" data-id=\"b03792c\" data-element_type=\"column\">\n\t\t\t<div class=\"elementor-widget-wrap elementor-element-populated\">\n\t\t\t\t\t\t<div class=\"elementor-element elementor-element-0eba88d elementor-align-center elementor-mobile-align-center elementor-widget elementor-widget-button\" data-id=\"0eba88d\" data-element_type=\"widget\" data-widget_type=\"button.default\">\n\t\t\t\t<div class=\"elementor-widget-container\">\n\t\t\t\t\t\t\t\t\t<div class=\"elementor-button-wrapper\">\n\t\t\t\t\t<a class=\"elementor-button elementor-button-link elementor-size-xs\" href=\"https:\/\/chloesegalen.com\/?page_id=1882\">\n\t\t\t\t\t\t<span class=\"elementor-button-content-wrapper\">\n\t\t\t\t\t\t\t\t\t<span class=\"elementor-button-text\">d\u00e9co et accessoires<\/span>\n\t\t\t\t\t<\/span>\n\t\t\t\t\t<\/a>\n\t\t\t\t<\/div>\n\t\t\t\t\t\t\t\t<\/div>\n\t\t\t\t<\/div>\n\t\t\t\t\t<\/div>\n\t\t<\/div>\n\t\t\t\t<div class=\"elementor-column elementor-col-25 elementor-top-column elementor-element elementor-element-9df4344\" data-id=\"9df4344\" data-element_type=\"column\">\n\t\t\t<div class=\"elementor-widget-wrap elementor-element-populated\">\n\t\t\t\t\t\t<div class=\"elementor-element elementor-element-e0b496e elementor-align-center elementor-widget elementor-widget-button\" data-id=\"e0b496e\" data-element_type=\"widget\" data-widget_type=\"button.default\">\n\t\t\t\t<div class=\"elementor-widget-container\">\n\t\t\t\t\t\t\t\t\t<div class=\"elementor-button-wrapper\">\n\t\t\t\t\t<a class=\"elementor-button elementor-button-link elementor-size-xs\" href=\"https:\/\/chloesegalen.com\/?page_id=1978\">\n\t\t\t\t\t\t<span class=\"elementor-button-content-wrapper\">\n\t\t\t\t\t\t\t\t\t<span class=\"elementor-button-text\">identit\u00e9s graphiques<\/span>\n\t\t\t\t\t<\/span>\n\t\t\t\t\t<\/a>\n\t\t\t\t<\/div>\n\t\t\t\t\t\t\t\t<\/div>\n\t\t\t\t<\/div>\n\t\t\t\t\t<\/div>\n\t\t<\/div>\n\t\t\t\t<div class=\"elementor-column elementor-col-25 elementor-top-column elementor-element elementor-element-5080125\" data-id=\"5080125\" data-element_type=\"column\">\n\t\t\t<div class=\"elementor-widget-wrap elementor-element-populated\">\n\t\t\t\t\t\t<div class=\"elementor-element elementor-element-41c49fe elementor-align-center elementor-widget elementor-widget-button\" data-id=\"41c49fe\" data-element_type=\"widget\" data-widget_type=\"button.default\">\n\t\t\t\t<div class=\"elementor-widget-container\">\n\t\t\t\t\t\t\t\t\t<div class=\"elementor-button-wrapper\">\n\t\t\t\t\t<a class=\"elementor-button elementor-button-link elementor-size-xs\" href=\"https:\/\/www.instagram.com\/chloe.segalen\/\">\n\t\t\t\t\t\t<span class=\"elementor-button-content-wrapper\">\n\t\t\t\t\t\t\t\t\t<span class=\"elementor-button-text\">@chloe.segalen<\/span>\n\t\t\t\t\t<\/span>\n\t\t\t\t\t<\/a>\n\t\t\t\t<\/div>\n\t\t\t\t\t\t\t\t<\/div>\n\t\t\t\t<\/div>\n\t\t\t\t\t<\/div>\n\t\t<\/div>\n\t\t\t\t\t<\/div>\n\t\t<\/section>\n\t\t\t\t<section class=\"elementor-section elementor-top-section elementor-element elementor-element-a4c3dbe elementor-section-boxed elementor-section-height-default elementor-section-height-default\" data-id=\"a4c3dbe\" data-element_type=\"section\">\n\t\t\t\t\t\t<div class=\"elementor-container elementor-column-gap-default\">\n\t\t\t\t\t<div class=\"elementor-column elementor-col-100 elementor-top-column elementor-element elementor-element-f9e0b04\" data-id=\"f9e0b04\" data-element_type=\"column\">\n\t\t\t<div class=\"elementor-widget-wrap elementor-element-populated\">\n\t\t\t\t\t\t<div class=\"elementor-element elementor-element-28341ce elementor-fixed elementor-widget elementor-widget-button\" data-id=\"28341ce\" data-element_type=\"widget\" data-settings=\"{&quot;_position&quot;:&quot;fixed&quot;}\" data-widget_type=\"button.default\">\n\t\t\t\t<div class=\"elementor-widget-container\">\n\t\t\t\t\t\t\t\t\t<div class=\"elementor-button-wrapper\">\n\t\t\t\t\t<a class=\"elementor-button elementor-button-link elementor-size-sm\" href=\"#haut\">\n\t\t\t\t\t\t<span class=\"elementor-button-content-wrapper\">\n\t\t\t\t\t\t\t\t\t<span class=\"elementor-button-text\">\u2191<\/span>\n\t\t\t\t\t<\/span>\n\t\t\t\t\t<\/a>\n\t\t\t\t<\/div>\n\t\t\t\t\t\t\t\t<\/div>\n\t\t\t\t<\/div>\n\t\t\t\t\t<\/div>\n\t\t<\/div>\n\t\t\t\t\t<\/div>\n\t\t<\/section>\n\t\t\t\t<section class=\"elementor-section elementor-top-section elementor-element elementor-element-890f260 elementor-section-boxed elementor-section-height-default elementor-section-height-default\" data-id=\"890f260\" data-element_type=\"section\">\n\t\t\t\t\t\t<div class=\"elementor-container elementor-column-gap-default\">\n\t\t\t\t\t<div class=\"elementor-column elementor-col-100 elementor-top-column elementor-element elementor-element-0ac8d42\" data-id=\"0ac8d42\" data-element_type=\"column\">\n\t\t\t<div class=\"elementor-widget-wrap elementor-element-populated\">\n\t\t\t\t\t\t<div class=\"elementor-element elementor-element-298ed63 elementor-widget elementor-widget-menu-anchor\" data-id=\"298ed63\" data-element_type=\"widget\" data-widget_type=\"menu-anchor.default\">\n\t\t\t\t<div class=\"elementor-widget-container\">\n\t\t\t\t\t\t\t<div class=\"elementor-menu-anchor\" id=\"haut\"><\/div>\n\t\t\t\t\t\t<\/div>\n\t\t\t\t<\/div>\n\t\t\t\t<div class=\"elementor-element elementor-element-b01c0e6 elementor-widget elementor-widget-spacer\" data-id=\"b01c0e6\" data-element_type=\"widget\" data-widget_type=\"spacer.default\">\n\t\t\t\t<div class=\"elementor-widget-container\">\n\t\t\t\t\t\t\t<div class=\"elementor-spacer\">\n\t\t\t<div class=\"elementor-spacer-inner\"><\/div>\n\t\t<\/div>\n\t\t\t\t\t\t<\/div>\n\t\t\t\t<\/div>\n\t\t\t\t\t<\/div>\n\t\t<\/div>\n\t\t\t\t\t<\/div>\n\t\t<\/section>\n\t\t\t\t<section class=\"elementor-section elementor-top-section elementor-element elementor-element-564cd94 elementor-section-stretched elementor-section-boxed elementor-section-height-default elementor-section-height-default\" data-id=\"564cd94\" data-element_type=\"section\" data-settings=\"{&quot;stretch_section&quot;:&quot;section-stretched&quot;}\">\n\t\t\t\t\t\t<div class=\"elementor-container elementor-column-gap-narrow\">\n\t\t\t\t\t<div class=\"elementor-column elementor-col-33 elementor-top-column elementor-element elementor-element-dee0650\" data-id=\"dee0650\" data-element_type=\"column\">\n\t\t\t<div class=\"elementor-widget-wrap elementor-element-populated\">\n\t\t\t\t\t\t<div class=\"elementor-element elementor-element-5327fbb elementor-widget elementor-widget-e_image_hover_effects\" data-id=\"5327fbb\" data-element_type=\"widget\" data-settings=\"{&quot;_animation&quot;:&quot;none&quot;}\" data-widget_type=\"e_image_hover_effects.default\">\n\t\t\t\t<div class=\"elementor-widget-container\">\n\t\t\t\t\t\t\t\t<a href=\"https:\/\/chloesegalen.com\/?p=2791\">\n\t\t\t\t\t<div class=\"eihe-box eihe-fade eihe_\">\n\t\t\t\t<img decoding=\"async\" width=\"1385\" height=\"1031\" src=\"https:\/\/chloesegalen.com\/wp-content\/uploads\/2024\/08\/logo-cleographie-.jpg\" class=\"attachment-full size-full wp-image-3529\" alt=\"\" srcset=\"https:\/\/chloesegalen.com\/wp-content\/uploads\/2024\/08\/logo-cleographie-.jpg 1385w, https:\/\/chloesegalen.com\/wp-content\/uploads\/2024\/08\/logo-cleographie--300x223.jpg 300w, https:\/\/chloesegalen.com\/wp-content\/uploads\/2024\/08\/logo-cleographie--1024x762.jpg 1024w, https:\/\/chloesegalen.com\/wp-content\/uploads\/2024\/08\/logo-cleographie--768x572.jpg 768w, https:\/\/chloesegalen.com\/wp-content\/uploads\/2024\/08\/logo-cleographie--1200x893.jpg 1200w\" sizes=\"(max-width: 1385px) 100vw, 1385px\" \/>\t\t\t\t<div class=\"eihe-caption\">\n\t\t\t\t\t<div class=\"eihe-title-cover\">\n\t\t\t\t\t\t\t\t\t\t\t\t<h3 class=\"eihe-title\">CLEOGRAPHIE<\/h3>\n\t\t\t\t\t\t\t\t\t\t\t<\/div>\n\t\t\t\t\t<p>Identit\u00e9 - Site web<\/p>\n\t\t\t\t<\/div>\n\t\t\t<\/div>\n\t\t\t\t\t<\/a>\n\t\t\t\t\t\t<\/div>\n\t\t\t\t<\/div>\n\t\t\t\t<div class=\"elementor-element elementor-element-96f5bc6 elementor-widget elementor-widget-e_image_hover_effects\" data-id=\"96f5bc6\" data-element_type=\"widget\" data-settings=\"{&quot;_animation&quot;:&quot;none&quot;}\" data-widget_type=\"e_image_hover_effects.default\">\n\t\t\t\t<div class=\"elementor-widget-container\">\n\t\t\t\t\t\t\t\t<a href=\"https:\/\/chloesegalen.com\/?p=2664\">\n\t\t\t\t\t<div class=\"eihe-box eihe-fade eihe_\">\n\t\t\t\t<img decoding=\"async\" width=\"500\" height=\"475\" src=\"https:\/\/chloesegalen.com\/wp-content\/uploads\/2022\/07\/UDEA91.gif\" class=\"attachment-full size-full wp-image-2523\" alt=\"\" \/>\t\t\t\t<div class=\"eihe-caption\">\n\t\t\t\t\t<div class=\"eihe-title-cover\">\n\t\t\t\t\t\t\t\t\t\t\t\t<h3 class=\"eihe-title\">Union D\u00e9partementale des \u00c9tablissement d'enseignement Artistiques de l'Essonne<\/h3>\n\t\t\t\t\t\t\t\t\t\t\t<\/div>\n\t\t\t\t\t<p>Logo - Identit\u00e9<\/p>\n\t\t\t\t<\/div>\n\t\t\t<\/div>\n\t\t\t\t\t<\/a>\n\t\t\t\t\t\t<\/div>\n\t\t\t\t<\/div>\n\t\t\t\t<div class=\"elementor-element elementor-element-96285b1 elementor-widget elementor-widget-e_image_hover_effects\" data-id=\"96285b1\" data-element_type=\"widget\" data-settings=\"{&quot;_animation&quot;:&quot;none&quot;}\" data-widget_type=\"e_image_hover_effects.default\">\n\t\t\t\t<div class=\"elementor-widget-container\">\n\t\t\t\t\t\t\t\t<a href=\"https:\/\/chloesegalen.com\/?p=344\">\n\t\t\t\t\t<div class=\"eihe-box eihe-fade eihe_\">\n\t\t\t\t<img loading=\"lazy\" decoding=\"async\" width=\"5568\" height=\"3712\" src=\"https:\/\/chloesegalen.com\/wp-content\/uploads\/2019\/08\/DSC_0426-copie-copie.jpg\" class=\"attachment-full size-full wp-image-161\" alt=\"\" srcset=\"https:\/\/chloesegalen.com\/wp-content\/uploads\/2019\/08\/DSC_0426-copie-copie.jpg 5568w, https:\/\/chloesegalen.com\/wp-content\/uploads\/2019\/08\/DSC_0426-copie-copie-300x200.jpg 300w, https:\/\/chloesegalen.com\/wp-content\/uploads\/2019\/08\/DSC_0426-copie-copie-768x512.jpg 768w, https:\/\/chloesegalen.com\/wp-content\/uploads\/2019\/08\/DSC_0426-copie-copie-1024x683.jpg 1024w, https:\/\/chloesegalen.com\/wp-content\/uploads\/2019\/08\/DSC_0426-copie-copie-1200x800.jpg 1200w, https:\/\/chloesegalen.com\/wp-content\/uploads\/2019\/08\/DSC_0426-copie-copie-1860x1240.jpg 1860w\" sizes=\"(max-width: 5568px) 100vw, 5568px\" \/>\t\t\t\t<div class=\"eihe-caption\">\n\t\t\t\t\t<div class=\"eihe-title-cover\">\n\t\t\t\t\t\t\t\t\t\t\t\t<h3 class=\"eihe-title\">Square Ren\u00e9 Le Gall<\/h3>\n\t\t\t\t\t\t\t\t\t\t\t<\/div>\n\t\t\t\t\t<p>Multi-projet - 2017<\/p>\n\t\t\t\t<\/div>\n\t\t\t<\/div>\n\t\t\t\t\t<\/a>\n\t\t\t\t\t\t<\/div>\n\t\t\t\t<\/div>\n\t\t\t\t\t<\/div>\n\t\t<\/div>\n\t\t\t\t<div class=\"elementor-column elementor-col-33 elementor-top-column elementor-element elementor-element-c42a0e8\" data-id=\"c42a0e8\" data-element_type=\"column\">\n\t\t\t<div class=\"elementor-widget-wrap elementor-element-populated\">\n\t\t\t\t\t\t<div class=\"elementor-element elementor-element-be16289 elementor-widget elementor-widget-e_image_hover_effects\" data-id=\"be16289\" data-element_type=\"widget\" data-settings=\"{&quot;_animation&quot;:&quot;none&quot;}\" data-widget_type=\"e_image_hover_effects.default\">\n\t\t\t\t<div class=\"elementor-widget-container\">\n\t\t\t\t\t\t\t\t<a href=\"https:\/\/chloesegalen.com\/?p=2531\">\n\t\t\t\t\t<div class=\"eihe-box eihe-fade eihe_\">\n\t\t\t\t<img loading=\"lazy\" decoding=\"async\" width=\"1965\" height=\"2016\" src=\"https:\/\/chloesegalen.com\/wp-content\/uploads\/2023\/11\/IMG_20230220_142649-e1700561963604.jpg\" class=\"attachment-full size-full wp-image-2829\" alt=\"\" srcset=\"https:\/\/chloesegalen.com\/wp-content\/uploads\/2023\/11\/IMG_20230220_142649-e1700561963604.jpg 1965w, https:\/\/chloesegalen.com\/wp-content\/uploads\/2023\/11\/IMG_20230220_142649-e1700561963604-292x300.jpg 292w, https:\/\/chloesegalen.com\/wp-content\/uploads\/2023\/11\/IMG_20230220_142649-e1700561963604-998x1024.jpg 998w, https:\/\/chloesegalen.com\/wp-content\/uploads\/2023\/11\/IMG_20230220_142649-e1700561963604-768x788.jpg 768w, https:\/\/chloesegalen.com\/wp-content\/uploads\/2023\/11\/IMG_20230220_142649-e1700561963604-1497x1536.jpg 1497w, https:\/\/chloesegalen.com\/wp-content\/uploads\/2023\/11\/IMG_20230220_142649-e1700561963604-1200x1231.jpg 1200w, https:\/\/chloesegalen.com\/wp-content\/uploads\/2023\/11\/IMG_20230220_142649-e1700561963604-1860x1908.jpg 1860w\" sizes=\"(max-width: 1965px) 100vw, 1965px\" \/>\t\t\t\t<div class=\"eihe-caption\">\n\t\t\t\t\t<div class=\"eihe-title-cover\">\n\t\t\t\t\t\t\t\t\t\t\t\t<h3 class=\"eihe-title\">Illustrations<\/h3>\n\t\t\t\t\t\t\t\t\t\t\t<\/div>\n\t\t\t\t\t<p>Projets personnels<\/p>\n\t\t\t\t<\/div>\n\t\t\t<\/div>\n\t\t\t\t\t<\/a>\n\t\t\t\t\t\t<\/div>\n\t\t\t\t<\/div>\n\t\t\t\t<div class=\"elementor-element elementor-element-ec65e1f elementor-widget elementor-widget-e_image_hover_effects\" data-id=\"ec65e1f\" data-element_type=\"widget\" data-settings=\"{&quot;_animation&quot;:&quot;none&quot;}\" data-widget_type=\"e_image_hover_effects.default\">\n\t\t\t\t<div class=\"elementor-widget-container\">\n\t\t\t\t\t\t\t\t<a href=\"https:\/\/chloesegalen.com\/?p=2550\">\n\t\t\t\t\t<div class=\"eihe-box eihe-fade eihe_\">\n\t\t\t\t<img loading=\"lazy\" decoding=\"async\" width=\"1213\" height=\"1185\" src=\"https:\/\/chloesegalen.com\/wp-content\/uploads\/2022\/07\/mockup_pot_tata2-copie-e1658845785835.jpg\" class=\"attachment-full size-full wp-image-2526\" alt=\"tata toyo conserve\" srcset=\"https:\/\/chloesegalen.com\/wp-content\/uploads\/2022\/07\/mockup_pot_tata2-copie-e1658845785835.jpg 1213w, https:\/\/chloesegalen.com\/wp-content\/uploads\/2022\/07\/mockup_pot_tata2-copie-e1658845785835-300x293.jpg 300w, https:\/\/chloesegalen.com\/wp-content\/uploads\/2022\/07\/mockup_pot_tata2-copie-e1658845785835-1024x1000.jpg 1024w, https:\/\/chloesegalen.com\/wp-content\/uploads\/2022\/07\/mockup_pot_tata2-copie-e1658845785835-768x750.jpg 768w, https:\/\/chloesegalen.com\/wp-content\/uploads\/2022\/07\/mockup_pot_tata2-copie-e1658845785835-1200x1172.jpg 1200w\" sizes=\"(max-width: 1213px) 100vw, 1213px\" \/>\t\t\t\t<div class=\"eihe-caption\">\n\t\t\t\t\t<div class=\"eihe-title-cover\">\n\t\t\t\t\t\t\t\t\t\t\t\t<h3 class=\"eihe-title\">TATA TOYO<\/h3>\n\t\t\t\t\t\t\t\t\t\t\t<\/div>\n\t\t\t\t\t<p>Identit\u00e9 - Packaging<\/p>\n\t\t\t\t<\/div>\n\t\t\t<\/div>\n\t\t\t\t\t<\/a>\n\t\t\t\t\t\t<\/div>\n\t\t\t\t<\/div>\n\t\t\t\t<div class=\"elementor-element elementor-element-7478a0c elementor-widget elementor-widget-e_image_hover_effects\" data-id=\"7478a0c\" data-element_type=\"widget\" data-settings=\"{&quot;_animation&quot;:&quot;none&quot;}\" data-widget_type=\"e_image_hover_effects.default\">\n\t\t\t\t<div class=\"elementor-widget-container\">\n\t\t\t\t\t\t\t\t<a href=\"https:\/\/chloesegalen.com\/?p=2349\">\n\t\t\t\t\t<div class=\"eihe-box eihe-fade eihe_\">\n\t\t\t\t<img loading=\"lazy\" decoding=\"async\" width=\"1920\" height=\"2099\" src=\"https:\/\/chloesegalen.com\/wp-content\/uploads\/2021\/12\/IMG_20200513_163828-scaled-e1639592587857.jpg\" class=\"attachment-full size-full wp-image-1981\" alt=\"\" srcset=\"https:\/\/chloesegalen.com\/wp-content\/uploads\/2021\/12\/IMG_20200513_163828-scaled-e1639592587857.jpg 1920w, https:\/\/chloesegalen.com\/wp-content\/uploads\/2021\/12\/IMG_20200513_163828-scaled-e1639592587857-274x300.jpg 274w, https:\/\/chloesegalen.com\/wp-content\/uploads\/2021\/12\/IMG_20200513_163828-scaled-e1639592587857-937x1024.jpg 937w, https:\/\/chloesegalen.com\/wp-content\/uploads\/2021\/12\/IMG_20200513_163828-scaled-e1639592587857-768x840.jpg 768w, https:\/\/chloesegalen.com\/wp-content\/uploads\/2021\/12\/IMG_20200513_163828-scaled-e1639592587857-1405x1536.jpg 1405w, https:\/\/chloesegalen.com\/wp-content\/uploads\/2021\/12\/IMG_20200513_163828-scaled-e1639592587857-1873x2048.jpg 1873w, https:\/\/chloesegalen.com\/wp-content\/uploads\/2021\/12\/IMG_20200513_163828-scaled-e1639592587857-1200x1312.jpg 1200w, https:\/\/chloesegalen.com\/wp-content\/uploads\/2021\/12\/IMG_20200513_163828-scaled-e1639592587857-1860x2033.jpg 1860w\" sizes=\"(max-width: 1920px) 100vw, 1920px\" \/>\t\t\t\t<div class=\"eihe-caption\">\n\t\t\t\t\t<div class=\"eihe-title-cover\">\n\t\t\t\t\t\t\t\t\t\t\t\t<h3 class=\"eihe-title\">roue des \u00e9motions<\/h3>\n\t\t\t\t\t\t\t\t\t\t\t<\/div>\n\t\t\t\t\t<p>Illustration et prototypage <\/p>\n\t\t\t\t<\/div>\n\t\t\t<\/div>\n\t\t\t\t\t<\/a>\n\t\t\t\t\t\t<\/div>\n\t\t\t\t<\/div>\n\t\t\t\t\t<\/div>\n\t\t<\/div>\n\t\t\t\t<div class=\"elementor-column elementor-col-33 elementor-top-column elementor-element elementor-element-8ed1009\" data-id=\"8ed1009\" data-element_type=\"column\">\n\t\t\t<div class=\"elementor-widget-wrap elementor-element-populated\">\n\t\t\t\t\t\t<div class=\"elementor-element elementor-element-d02408b elementor-widget elementor-widget-e_image_hover_effects\" data-id=\"d02408b\" data-element_type=\"widget\" data-settings=\"{&quot;_animation&quot;:&quot;none&quot;}\" data-widget_type=\"e_image_hover_effects.default\">\n\t\t\t\t<div class=\"elementor-widget-container\">\n\t\t\t\t\t\t\t\t<a href=\"https:\/\/chloesegalen.com\/?p=1739\">\n\t\t\t\t\t<div class=\"eihe-box eihe-fade eihe_\">\n\t\t\t\t<img loading=\"lazy\" decoding=\"async\" width=\"2560\" height=\"2560\" src=\"https:\/\/chloesegalen.com\/wp-content\/uploads\/2024\/08\/Affolantes_singe-scaled.jpg\" class=\"attachment-full size-full wp-image-3528\" alt=\"\" srcset=\"https:\/\/chloesegalen.com\/wp-content\/uploads\/2024\/08\/Affolantes_singe-scaled.jpg 2560w, https:\/\/chloesegalen.com\/wp-content\/uploads\/2024\/08\/Affolantes_singe-300x300.jpg 300w, https:\/\/chloesegalen.com\/wp-content\/uploads\/2024\/08\/Affolantes_singe-1024x1024.jpg 1024w, https:\/\/chloesegalen.com\/wp-content\/uploads\/2024\/08\/Affolantes_singe-150x150.jpg 150w, https:\/\/chloesegalen.com\/wp-content\/uploads\/2024\/08\/Affolantes_singe-768x768.jpg 768w, https:\/\/chloesegalen.com\/wp-content\/uploads\/2024\/08\/Affolantes_singe-1536x1536.jpg 1536w, https:\/\/chloesegalen.com\/wp-content\/uploads\/2024\/08\/Affolantes_singe-2048x2048.jpg 2048w, https:\/\/chloesegalen.com\/wp-content\/uploads\/2024\/08\/Affolantes_singe-1200x1200.jpg 1200w, https:\/\/chloesegalen.com\/wp-content\/uploads\/2024\/08\/Affolantes_singe-1860x1860.jpg 1860w\" sizes=\"(max-width: 2560px) 100vw, 2560px\" \/>\t\t\t\t<div class=\"eihe-caption\">\n\t\t\t\t\t<div class=\"eihe-title-cover\">\n\t\t\t\t\t\t\t\t\t\t\t\t<h3 class=\"eihe-title\">Les Affolantes<\/h3>\n\t\t\t\t\t\t\t\t\t\t\t<\/div>\n\t\t\t\t\t<p>Communication de Festival<\/p>\n\t\t\t\t<\/div>\n\t\t\t<\/div>\n\t\t\t\t\t<\/a>\n\t\t\t\t\t\t<\/div>\n\t\t\t\t<\/div>\n\t\t\t\t<div class=\"elementor-element elementor-element-28714e0 elementor-widget elementor-widget-e_image_hover_effects\" data-id=\"28714e0\" data-element_type=\"widget\" data-settings=\"{&quot;_animation&quot;:&quot;none&quot;}\" data-widget_type=\"e_image_hover_effects.default\">\n\t\t\t\t<div class=\"elementor-widget-container\">\n\t\t\t\t\t\t\t\t<a href=\"https:\/\/chloesegalen.com\/?p=2289\">\n\t\t\t\t\t<div class=\"eihe-box eihe-fade eihe_\">\n\t\t\t\t<img loading=\"lazy\" decoding=\"async\" width=\"1000\" height=\"563\" src=\"https:\/\/chloesegalen.com\/wp-content\/uploads\/2021\/09\/ENSAD_VOEUX_Animation_plan_1_plongeon_fusion_120ips.gif\" class=\"attachment-full size-full wp-image-1558\" alt=\"\" \/>\t\t\t\t<div class=\"eihe-caption\">\n\t\t\t\t\t<div class=\"eihe-title-cover\">\n\t\t\t\t\t\t\t\t\t\t\t\t<h3 class=\"eihe-title\">V\u0153ux 2020<\/h3>\n\t\t\t\t\t\t\t\t\t\t\t<\/div>\n\t\t\t\t\t<p>Carte de v\u0153ux anim\u00e9e - 2020\n<\/p>\n\t\t\t\t<\/div>\n\t\t\t<\/div>\n\t\t\t\t\t<\/a>\n\t\t\t\t\t\t<\/div>\n\t\t\t\t<\/div>\n\t\t\t\t<div class=\"elementor-element elementor-element-ff876bf elementor-widget elementor-widget-e_image_hover_effects\" data-id=\"ff876bf\" data-element_type=\"widget\" data-settings=\"{&quot;_animation&quot;:&quot;none&quot;}\" data-widget_type=\"e_image_hover_effects.default\">\n\t\t\t\t<div class=\"elementor-widget-container\">\n\t\t\t\t\t\t\t\t<a href=\"https:\/\/chloesegalen.com\/?p=644\">\n\t\t\t\t\t<div class=\"eihe-box eihe-fade eihe_\">\n\t\t\t\t<img loading=\"lazy\" decoding=\"async\" width=\"2362\" height=\"1575\" src=\"https:\/\/chloesegalen.com\/wp-content\/uploads\/2019\/08\/Chloe\u0301-11.jpg\" class=\"attachment-full size-full wp-image-655\" alt=\"\" srcset=\"https:\/\/chloesegalen.com\/wp-content\/uploads\/2019\/08\/Chloe\u0301-11.jpg 2362w, https:\/\/chloesegalen.com\/wp-content\/uploads\/2019\/08\/Chloe\u0301-11-300x200.jpg 300w, https:\/\/chloesegalen.com\/wp-content\/uploads\/2019\/08\/Chloe\u0301-11-768x512.jpg 768w, https:\/\/chloesegalen.com\/wp-content\/uploads\/2019\/08\/Chloe\u0301-11-1024x683.jpg 1024w, https:\/\/chloesegalen.com\/wp-content\/uploads\/2019\/08\/Chloe\u0301-11-1200x800.jpg 1200w, https:\/\/chloesegalen.com\/wp-content\/uploads\/2019\/08\/Chloe\u0301-11-1860x1240.jpg 1860w\" sizes=\"(max-width: 2362px) 100vw, 2362px\" \/>\t\t\t\t<div class=\"eihe-caption\">\n\t\t\t\t\t<div class=\"eihe-title-cover\">\n\t\t\t\t\t\t\t\t\t\t\t\t<h3 class=\"eihe-title\">Lexique en Coulisses<\/h3>\n\t\t\t\t\t\t\t\t\t\t\t<\/div>\n\t\t\t\t\t<p>Projet de dipl\u00f4me - ENSAD 2019<\/p>\n\t\t\t\t<\/div>\n\t\t\t<\/div>\n\t\t\t\t\t<\/a>\n\t\t\t\t\t\t<\/div>\n\t\t\t\t<\/div>\n\t\t\t\t\t<\/div>\n\t\t<\/div>\n\t\t\t\t\t<\/div>\n\t\t<\/section>\n\t\t\t\t<\/div>\n\t\t","protected":false},"excerpt":{"rendered":"<p>\u00e0 propos \/ contact d\u00e9co et accessoires identit\u00e9s graphiques @chloe.segalen \u2191 CLEOGRAPHIE Identit\u00e9 &#8211; Site web Union D\u00e9partementale des \u00c9tablissement d&rsquo;enseignement Artistiques de l&rsquo;Essonne Logo &#8211; Identit\u00e9 Square Ren\u00e9 Le Gall Multi-projet &#8211; 2017 Illustrations Projets personnels TATA TOYO Identit\u00e9 &#8211; Packaging roue des \u00e9motions Illustration et prototypage Les Affolantes Communication de Festival V\u0153ux 2020 [&hellip;]<\/p>\n","protected":false},"author":1,"featured_media":0,"parent":0,"menu_order":0,"comment_status":"closed","ping_status":"closed","template":"","meta":{"footnotes":""},"_links":{"self":[{"href":"https:\/\/chloesegalen.com\/index.php?rest_route=\/wp\/v2\/pages\/1978"}],"collection":[{"href":"https:\/\/chloesegalen.com\/index.php?rest_route=\/wp\/v2\/pages"}],"about":[{"href":"https:\/\/chloesegalen.com\/index.php?rest_route=\/wp\/v2\/types\/page"}],"author":[{"embeddable":true,"href":"https:\/\/chloesegalen.com\/index.php?rest_route=\/wp\/v2\/users\/1"}],"replies":[{"embeddable":true,"href":"https:\/\/chloesegalen.com\/index.php?rest_route=%2Fwp%2Fv2%2Fcomments&post=1978"}],"version-history":[{"count":94,"href":"https:\/\/chloesegalen.com\/index.php?rest_route=\/wp\/v2\/pages\/1978\/revisions"}],"predecessor-version":[{"id":3558,"href":"https:\/\/chloesegalen.com\/index.php?rest_route=\/wp\/v2\/pages\/1978\/revisions\/3558"}],"wp:attachment":[{"href":"https:\/\/chloesegalen.com\/index.php?rest_route=%2Fwp%2Fv2%2Fmedia&parent=1978"}],"curies":[{"name":"wp","href":"https:\/\/api.w.org\/{rel}","templated":true}]}}